{"id":899,"date":"2021-06-03T16:26:37","date_gmt":"2021-06-03T16:26:37","guid":{"rendered":"https:\/\/www.yournature.be\/?page_id=899"},"modified":"2021-06-03T16:28:22","modified_gmt":"2021-06-03T16:28:22","slug":"seminarie-vorm","status":"publish","type":"page","link":"https:\/\/www.yournature.be\/nl\/seminarie-vorm\/","title":{"rendered":"Seminarie vorm"},"content":{"rendered":"<p style=\"text-align: center\">\n                <div class='gf_browser_gecko gform_wrapper' id='gform_wrapper_3' ><form method='post' enctype='multipart\/form-data'  id='gform_3'  action='\/nl\/wp-json\/wp\/v2\/pages\/899'>\n                        <div class='gform_heading'>\n                            <h3 class='gform_title'>S\u00e9minaire<\/h3>\n                            <span class='gform_description'><\/span>\n                        <\/div>\n                        <div class='gform_body'><ul id='gform_fields_3' class='gform_fields top_label form_sublabel_below description_below'><li id='field_3_1'  class='gfield gfield_contains_required field_sublabel_below field_description_below gfield_visibility_visible' ><label class='gfield_label' for='input_3_1' >Type d&#039;\u00e9v\u00e9nement:<span class='gfield_required'>*<\/span><\/label><div class='ginput_container ginput_container_select'><select name='input_1' id='input_3_1' class='large gfield_select'   aria-required=\"true\" aria-invalid=\"false\"><option value='R\u00e9union' >R\u00e9union<\/option><option value='S\u00e9minaire' >S\u00e9minaire<\/option><option value='Team building' >Team building<\/option><option value='Activit\u00e9 r\u00e9cr\u00e9ative \/ sportive' >Activit\u00e9 r\u00e9cr\u00e9ative \/ sportive<\/option><option value='F\u00eate' >F\u00eate<\/option><option value='R\u00e9union de famille' >R\u00e9union de famille<\/option><option value='Cocktail \/ restauration' >Cocktail \/ restauration<\/option><option value='Autre' >Autre<\/option><\/select><\/div><\/li><li id='field_3_2'  class='gfield field_sublabel_below field_description_below gfield_visibility_visible' ><label class='gfield_label' for='input_3_2' >Date d&#039;arrive<\/label><div class='ginput_container ginput_container_date'>\n                            <input name='input_2' id='input_3_2' type='text' value='' class='datepicker medium mdy datepicker_no_icon'    aria-describedby='input_3_2_date_format' \/>\n                            <span id='input_3_2_date_format' class='screen-reader-text'>Date Format: MM slash DD slash JJJJ<\/span>\n                        <\/div>\n                        <input type='hidden' id='gforms_calendar_icon_input_3_2' class='gform_hidden' value='https:\/\/www.yournature.be\/wp-content\/plugins\/gravityforms\/images\/calendar.png'\/><\/li><li id='field_3_3'  class='gfield field_sublabel_below field_description_below gfield_visibility_visible' ><label class='gfield_label' for='input_3_3' >Date de d\u00e9part<\/label><div class='ginput_container ginput_container_date'>\n                            <input name='input_3' id='input_3_3' type='text' value='' class='datepicker medium mdy datepicker_no_icon'    aria-describedby='input_3_3_date_format' \/>\n                            <span id='input_3_3_date_format' class='screen-reader-text'>Date Format: MM slash DD slash JJJJ<\/span>\n                        <\/div>\n                        <input type='hidden' id='gforms_calendar_icon_input_3_3' class='gform_hidden' value='https:\/\/www.yournature.be\/wp-content\/plugins\/gravityforms\/images\/calendar.png'\/><\/li><li id='field_3_5'  class='gfield field_sublabel_below field_description_below gfield_visibility_visible' ><label class='gfield_label'  >Votre \u00e9v\u00e9nement int\u00e8gre-t-il une partie r\u00e9sidentielle ?<\/label><div class='ginput_container ginput_container_checkbox'><ul class='gfield_checkbox' id='input_3_5'><li class='gchoice_3_5_1'>\n\t\t\t\t\t\t\t\t<input name='input_5.1' type='checkbox'  value='Oui'  id='choice_3_5_1'   \/>\n\t\t\t\t\t\t\t\t<label for='choice_3_5_1' id='label_3_5_1'>Oui<\/label>\n\t\t\t\t\t\t\t<\/li><li class='gchoice_3_5_2'>\n\t\t\t\t\t\t\t\t<input name='input_5.2' type='checkbox'  value='Non'  id='choice_3_5_2'   \/>\n\t\t\t\t\t\t\t\t<label for='choice_3_5_2' id='label_3_5_2'>Non<\/label>\n\t\t\t\t\t\t\t<\/li><\/ul><\/div><\/li><li id='field_3_6'  class='gfield field_sublabel_below field_description_below gfield_visibility_visible' ><label class='gfield_label' for='input_3_6' >Si oui, de combien de chambres par nuit avez-vous besoin ?<\/label><div class='ginput_container ginput_container_number'><input name='input_6' id='input_3_6' type='text'    value='' class='medium'      aria-invalid=\"false\" \/><\/div><\/li><li id='field_3_7'  class='gfield field_sublabel_below field_description_below gfield_visibility_visible' ><label class='gfield_label' for='input_3_7' >Pouvez-vous vous parlez davantage de votre \u00e9v\u00e9nement ?<\/label><div class='ginput_container ginput_container_textarea'><textarea name='input_7' id='input_3_7' class='textarea large'      aria-invalid=\"false\"   rows='10' cols='50'><\/textarea><\/div><\/li><li id='field_3_8'  class='gfield gfield_contains_required field_sublabel_below field_description_below gfield_visibility_visible' ><label class='gfield_label gfield_label_before_complex'  >Nom<span class='gfield_required'>*<\/span><\/label><div class='ginput_complex ginput_container no_prefix has_first_name no_middle_name has_last_name no_suffix gf_name_has_2 ginput_container_name' id='input_3_8'>\n                            \n                            <span id='input_3_8_3_container' class='name_first' >\n                                                    <input type='text' name='input_8.3' id='input_3_8_3' value='' aria-label='First name'   aria-required=\"true\" aria-invalid=\"false\" \/>\n                                                    <label for='input_3_8_3' >Nom<\/label>\n                                                <\/span>\n                            \n                            <span id='input_3_8_6_container' class='name_last' >\n                                                    <input type='text' name='input_8.6' id='input_3_8_6' value='' aria-label='Last name'   aria-required=\"true\" aria-invalid=\"false\" \/>\n                                                    <label for='input_3_8_6' >Pr\u00e9nom<\/label>\n                                                <\/span>\n                            \n                        <\/div><\/li><li id='field_3_9'  class='gfield gfield_contains_required field_sublabel_below field_description_below gfield_visibility_visible' ><label class='gfield_label' for='input_3_9' >Email<span class='gfield_required'>*<\/span><\/label><div class='ginput_container ginput_container_email'>\n                            <input name='input_9' id='input_3_9' type='text' value='' class='medium'    aria-required=\"true\" aria-invalid=\"false\" \/>\n                        <\/div><\/li><li id='field_3_10'  class='gfield field_sublabel_below field_description_below gfield_visibility_visible' ><label class='gfield_label' for='input_3_10' >T\u00e9l\u00e9phone<\/label><div class='ginput_container ginput_container_phone'><input name='input_10' id='input_3_10' type='text' value='' class='medium'    aria-invalid=\"false\"  \/><\/div><\/li><li id='field_3_11'  class='gfield field_sublabel_below field_description_below gfield_visibility_visible' ><label class='gfield_label' for='input_3_11' >Entreprise \/Organisation<\/label><div class='ginput_container ginput_container_text'><input name='input_11' id='input_3_11' type='text' value='' class='large'      aria-invalid=\"false\" \/><\/div><\/li><li id='field_3_12'  class='gfield field_sublabel_below field_description_below gfield_visibility_visible' ><label class='gfield_label' for='input_3_12' >Votre fonction<\/label><div class='ginput_container ginput_container_text'><input name='input_12' id='input_3_12' type='text' value='' class='large'      aria-invalid=\"false\" \/><\/div><\/li><li id='field_3_13'  class='gfield privacy gfield_contains_required field_sublabel_below field_description_below gfield_visibility_visible' ><label class='gfield_label'  >Donn\u00e9es personnelles<span class='gfield_required'>*<\/span><\/label><div class='ginput_container ginput_container_checkbox'><ul class='gfield_checkbox' id='input_3_13'><li class='gchoice_3_13_1'>\n\t\t\t\t\t\t\t\t<input name='input_13.1' type='checkbox'  value='J&#039;accepte le traitement de mes donn\u00e9es personnelles'  id='choice_3_13_1'   \/>\n\t\t\t\t\t\t\t\t<label for='choice_3_13_1' id='label_3_13_1'>J'accepte le traitement de mes donn\u00e9es personnelles<\/label>\n\t\t\t\t\t\t\t<\/li><\/ul><\/div><\/li><li id='field_3_14'  class='gfield field_sublabel_below field_description_below gfield_visibility_visible' ><label class='gfield_label' for='input_3_14' >CAPTCHA<\/label><div id='input_3_14' class='ginput_container ginput_recaptcha' data-sitekey='6Lc-INAaAAAAAIss6Ftc8TA-TrcKQN_A-eII2WNq'  data-theme='light' data-tabindex='0'  data-badge=''><\/div><\/li><li id='field_3_15'  class='gfield gform_validation_container field_sublabel_below field_description_below gfield_visibility_visible' ><label class='gfield_label' for='input_3_15' >Phone<\/label><div class='ginput_container'><input name='input_15' id='input_3_15' type='text' value='' \/><\/div><div class='gfield_description' id='gfield_description_3_15'>Dit veld is bedoeld voor validatiedoeleinden en moet niet worden gewijzigd.<\/div><\/li>\n                            <\/ul><\/div>\n        <div class='gform_footer top_label'> <input type='submit' id='gform_submit_button_3' class='gform_button button' value='Envoyer'  onclick='if(window[\"gf_submitting_3\"]){return false;}  window[\"gf_submitting_3\"]=true;  ' onkeypress='if( event.keyCode == 13 ){ if(window[\"gf_submitting_3\"]){return false;} window[\"gf_submitting_3\"]=true;  jQuery(\"#gform_3\").trigger(\"submit\",[true]); }' \/> \n            <input type='hidden' class='gform_hidden' name='is_submit_3' value='1' \/>\n            <input type='hidden' class='gform_hidden' name='gform_submit' value='3' \/>\n            \n            <input type='hidden' class='gform_hidden' name='gform_unique_id' value='' \/>\n            <input type='hidden' class='gform_hidden' name='state_3' value='WyJbXSIsIjMzYmYyMWNkYTJhNzA4YTM1YzdlNzFmY2RiNzcyYTQwIl0=' \/>\n            <input type='hidden' class='gform_hidden' name='gform_target_page_number_3' id='gform_target_page_number_3' value='0' \/>\n            <input type='hidden' class='gform_hidden' name='gform_source_page_number_3' id='gform_source_page_number_3' value='1' \/>\n            <input type='hidden' name='gform_field_values' value='' \/>\n            \n        <\/div>\n                        <\/form>\n                        <\/div><\/p>\n","protected":false},"excerpt":{"rendered":"","protected":false},"author":294,"featured_media":0,"parent":0,"menu_order":0,"comment_status":"closed","ping_status":"closed","template":"template-default-page.php","meta":{"footnotes":""},"class_list":["post-899","page","type-page","status-publish","hentry"],"yoast_head":"<!-- This site is optimized with the Yoast SEO plugin v26.9 - https:\/\/yoast.com\/product\/yoast-seo-wordpress\/ -->\n<title>Seminarie vorm - Your Nature<\/title>\n<meta name=\"robots\" content=\"index, follow, max-snippet:-1, max-image-preview:large, max-video-preview:-1\" \/>\n<link rel=\"canonical\" href=\"https:\/\/www.yournature.be\/nl\/seminarie-vorm\/\" \/>\n<meta property=\"og:locale\" content=\"nl_NL\" \/>\n<meta property=\"og:type\" content=\"article\" \/>\n<meta property=\"og:title\" content=\"Seminarie vorm - Your Nature\" \/>\n<meta property=\"og:url\" content=\"https:\/\/www.yournature.be\/nl\/seminarie-vorm\/\" \/>\n<meta property=\"og:site_name\" content=\"Your Nature\" \/>\n<meta property=\"article:modified_time\" content=\"2021-06-03T16:28:22+00:00\" \/>\n<meta name=\"twitter:card\" content=\"summary_large_image\" \/>\n<script type=\"application\/ld+json\" class=\"yoast-schema-graph\">{\"@context\":\"https:\/\/schema.org\",\"@graph\":[{\"@type\":\"WebPage\",\"@id\":\"https:\/\/www.yournature.be\/nl\/seminarie-vorm\/\",\"url\":\"https:\/\/www.yournature.be\/nl\/seminarie-vorm\/\",\"name\":\"Seminarie vorm - Your Nature\",\"isPartOf\":{\"@id\":\"https:\/\/www.yournature.be\/nl\/#website\"},\"datePublished\":\"2021-06-03T16:26:37+00:00\",\"dateModified\":\"2021-06-03T16:28:22+00:00\",\"breadcrumb\":{\"@id\":\"https:\/\/www.yournature.be\/nl\/seminarie-vorm\/#breadcrumb\"},\"inLanguage\":\"nl-NL\",\"potentialAction\":[{\"@type\":\"ReadAction\",\"target\":[\"https:\/\/www.yournature.be\/nl\/seminarie-vorm\/\"]}]},{\"@type\":\"BreadcrumbList\",\"@id\":\"https:\/\/www.yournature.be\/nl\/seminarie-vorm\/#breadcrumb\",\"itemListElement\":[{\"@type\":\"ListItem\",\"position\":1,\"name\":\"Home\",\"item\":\"https:\/\/www.yournature.be\/nl\/\"},{\"@type\":\"ListItem\",\"position\":2,\"name\":\"Seminarie vorm\"}]},{\"@type\":\"WebSite\",\"@id\":\"https:\/\/www.yournature.be\/nl\/#website\",\"url\":\"https:\/\/www.yournature.be\/nl\/\",\"name\":\"Your Nature\",\"description\":\"\",\"potentialAction\":[{\"@type\":\"SearchAction\",\"target\":{\"@type\":\"EntryPoint\",\"urlTemplate\":\"https:\/\/www.yournature.be\/nl\/?s={search_term_string}\"},\"query-input\":{\"@type\":\"PropertyValueSpecification\",\"valueRequired\":true,\"valueName\":\"search_term_string\"}}],\"inLanguage\":\"nl-NL\"}]}<\/script>\n<!-- \/ Yoast SEO plugin. -->","yoast_head_json":{"title":"Seminarie vorm - Your Nature","robots":{"index":"index","follow":"follow","max-snippet":"max-snippet:-1","max-image-preview":"max-image-preview:large","max-video-preview":"max-video-preview:-1"},"canonical":"https:\/\/www.yournature.be\/nl\/seminarie-vorm\/","og_locale":"nl_NL","og_type":"article","og_title":"Seminarie vorm - Your Nature","og_url":"https:\/\/www.yournature.be\/nl\/seminarie-vorm\/","og_site_name":"Your Nature","article_modified_time":"2021-06-03T16:28:22+00:00","twitter_card":"summary_large_image","schema":{"@context":"https:\/\/schema.org","@graph":[{"@type":"WebPage","@id":"https:\/\/www.yournature.be\/nl\/seminarie-vorm\/","url":"https:\/\/www.yournature.be\/nl\/seminarie-vorm\/","name":"Seminarie vorm - Your Nature","isPartOf":{"@id":"https:\/\/www.yournature.be\/nl\/#website"},"datePublished":"2021-06-03T16:26:37+00:00","dateModified":"2021-06-03T16:28:22+00:00","breadcrumb":{"@id":"https:\/\/www.yournature.be\/nl\/seminarie-vorm\/#breadcrumb"},"inLanguage":"nl-NL","potentialAction":[{"@type":"ReadAction","target":["https:\/\/www.yournature.be\/nl\/seminarie-vorm\/"]}]},{"@type":"BreadcrumbList","@id":"https:\/\/www.yournature.be\/nl\/seminarie-vorm\/#breadcrumb","itemListElement":[{"@type":"ListItem","position":1,"name":"Home","item":"https:\/\/www.yournature.be\/nl\/"},{"@type":"ListItem","position":2,"name":"Seminarie vorm"}]},{"@type":"WebSite","@id":"https:\/\/www.yournature.be\/nl\/#website","url":"https:\/\/www.yournature.be\/nl\/","name":"Your Nature","description":"","potentialAction":[{"@type":"SearchAction","target":{"@type":"EntryPoint","urlTemplate":"https:\/\/www.yournature.be\/nl\/?s={search_term_string}"},"query-input":{"@type":"PropertyValueSpecification","valueRequired":true,"valueName":"search_term_string"}}],"inLanguage":"nl-NL"}]}},"acf":[],"_links":{"self":[{"href":"https:\/\/www.yournature.be\/nl\/wp-json\/wp\/v2\/pages\/899","targetHints":{"allow":["GET"]}}],"collection":[{"href":"https:\/\/www.yournature.be\/nl\/wp-json\/wp\/v2\/pages"}],"about":[{"href":"https:\/\/www.yournature.be\/nl\/wp-json\/wp\/v2\/types\/page"}],"author":[{"embeddable":true,"href":"https:\/\/www.yournature.be\/nl\/wp-json\/wp\/v2\/users\/294"}],"replies":[{"embeddable":true,"href":"https:\/\/www.yournature.be\/nl\/wp-json\/wp\/v2\/comments?post=899"}],"version-history":[{"count":0,"href":"https:\/\/www.yournature.be\/nl\/wp-json\/wp\/v2\/pages\/899\/revisions"}],"wp:attachment":[{"href":"https:\/\/www.yournature.be\/nl\/wp-json\/wp\/v2\/media?parent=899"}],"curies":[{"name":"wp","href":"https:\/\/api.w.org\/{rel}","templated":true}]}}