{"id":339,"date":"2021-03-10T19:20:28","date_gmt":"2021-03-10T19:20:28","guid":{"rendered":"http:\/\/your-nature-resort.ms.decms.eu\/?page_id=339"},"modified":"2025-02-17T15:16:56","modified_gmt":"2025-02-17T15:16:56","slug":"la-terre","status":"publish","type":"page","link":"https:\/\/www.yournature.be\/nl\/un-sejour-multi-activites\/la-terre\/","title":{"rendered":"Aarde"},"content":{"rendered":"<p>&nbsp;<\/p>\n<p>Hardlooproutes, fietspaden, recreatiegebieden en natuurreservaten passen perfect in de omgeving.<\/p>\n<p>&nbsp;<\/p>\n<p><em>Buitenactiviteiten inbegrepen<\/em>:<\/p>\n<p>Talrijke wandel- en fietspaden.<\/p>\n<p><em>Optionele buitenactiviteiten:<\/em><\/p>\n<p>Groepsfitness, verhuur van padelbanen, fietsen en mountainbikes, mini-avonturengolf, petanque, tafeltennis en nog veel meer.<\/p>\n<p>Als u sommige van onze activiteiten niet online kunt vinden of als ze u telefonisch niet worden aangeboden, komt dat omdat de organisatie van deze activiteiten bijvoorbeeld kan afhangen van het weer of de beschikbaarheid. U kunt dan tijdens uw verblijf uw activiteiten en diensten reserveren in het Your Nature Activity Centre.<\/p>\n<p>Meer informatie over onze activiteiten :<\/p>\n<ul type=\"disc\">\n<li class=\"m_2695613095956686922MsoListParagraph\">Mail\u00a0:\u00a0<a href=\"mailto:fun@yournature.be\" target=\"_blank\" rel=\"noopener\">fun@yournature.be<\/a><u><\/u><u><\/u><\/li>\n<li class=\"m_2695613095956686922MsoListParagraph\">T\u00e9l\u00e9phone : 0032 69 31 30 40<\/li>\n<\/ul>\n<p>&nbsp;<\/p>\n<p>Download onze brochure om onze fietsverhuur tarieven te ontdekken \u2193<\/p>\n<p>&nbsp;<\/p>\n","protected":false},"excerpt":{"rendered":"<p>&nbsp; Hardlooproutes, fietspaden, recreatiegebieden en natuurreservaten passen perfect in de omgeving. &nbsp; Buitenactiviteiten inbegrepen: Talrijke wandel- en fietspaden. Optionele buitenactiviteiten: Groepsfitness, verhuur van padelbanen, fietsen en mountainbikes, mini-avonturengolf, petanque, tafeltennis en nog veel meer. Als u sommige van onze activiteiten niet online kunt vinden of als ze u telefonisch niet worden aangeboden, komt dat omdat [&hellip;]<\/p>\n","protected":false},"author":137,"featured_media":0,"parent":335,"menu_order":10,"comment_status":"closed","ping_status":"closed","template":"","meta":{"footnotes":""},"class_list":["post-339","page","type-page","status-publish","hentry"],"yoast_head":"<!-- This site is optimized with the Yoast SEO plugin v26.9 - https:\/\/yoast.com\/product\/yoast-seo-wordpress\/ -->\n<title>Activit\u00e9s outdoor - Your Nature<\/title>\n<meta name=\"description\" content=\"80 km de pistes de course \u00e0 pieds, 200 km de pistes cyclables, une plage, des espaces loisirs et parcours sant\u00e9. Beach-volley, tir \u00e0 l\u2019arc, parcours de croquet, tennis, badminton...\" \/>\n<meta name=\"robots\" content=\"index, follow, max-snippet:-1, max-image-preview:large, max-video-preview:-1\" \/>\n<link rel=\"canonical\" href=\"https:\/\/www.yournature.be\/nl\/un-sejour-multi-activites\/la-terre\/\" \/>\n<meta property=\"og:locale\" content=\"nl_NL\" \/>\n<meta property=\"og:type\" content=\"article\" \/>\n<meta property=\"og:title\" content=\"Activit\u00e9s outdoor - Your Nature\" \/>\n<meta property=\"og:description\" content=\"80 km de pistes de course \u00e0 pieds, 200 km de pistes cyclables, une plage, des espaces loisirs et parcours sant\u00e9. Beach-volley, tir \u00e0 l\u2019arc, parcours de croquet, tennis, badminton...\" \/>\n<meta property=\"og:url\" content=\"https:\/\/www.yournature.be\/nl\/un-sejour-multi-activites\/la-terre\/\" \/>\n<meta property=\"og:site_name\" content=\"Your Nature\" \/>\n<meta property=\"article:modified_time\" content=\"2025-02-17T15:16:56+00:00\" \/>\n<meta name=\"twitter:card\" content=\"summary_large_image\" \/>\n<meta name=\"twitter:label1\" content=\"Geschatte leestijd\" \/>\n\t<meta name=\"twitter:data1\" content=\"1 minuut\" \/>\n<script type=\"application\/ld+json\" class=\"yoast-schema-graph\">{\"@context\":\"https:\/\/schema.org\",\"@graph\":[{\"@type\":\"WebPage\",\"@id\":\"https:\/\/www.yournature.be\/nl\/un-sejour-multi-activites\/la-terre\/\",\"url\":\"https:\/\/www.yournature.be\/nl\/un-sejour-multi-activites\/la-terre\/\",\"name\":\"Activit\u00e9s outdoor - Your Nature\",\"isPartOf\":{\"@id\":\"https:\/\/www.yournature.be\/nl\/#website\"},\"datePublished\":\"2021-03-10T19:20:28+00:00\",\"dateModified\":\"2025-02-17T15:16:56+00:00\",\"description\":\"80 km de pistes de course \u00e0 pieds, 200 km de pistes cyclables, une plage, des espaces loisirs et parcours sant\u00e9. Beach-volley, tir \u00e0 l\u2019arc, parcours de croquet, tennis, badminton...\",\"breadcrumb\":{\"@id\":\"https:\/\/www.yournature.be\/nl\/un-sejour-multi-activites\/la-terre\/#breadcrumb\"},\"inLanguage\":\"nl-NL\",\"potentialAction\":[{\"@type\":\"ReadAction\",\"target\":[\"https:\/\/www.yournature.be\/nl\/un-sejour-multi-activites\/la-terre\/\"]}]},{\"@type\":\"BreadcrumbList\",\"@id\":\"https:\/\/www.yournature.be\/nl\/un-sejour-multi-activites\/la-terre\/#breadcrumb\",\"itemListElement\":[{\"@type\":\"ListItem\",\"position\":1,\"name\":\"Home\",\"item\":\"https:\/\/www.yournature.be\/nl\/\"},{\"@type\":\"ListItem\",\"position\":2,\"name\":\"Een vakantie vol activiteiten\",\"item\":\"https:\/\/www.yournature.be\/nl\/un-sejour-multi-activites\/\"},{\"@type\":\"ListItem\",\"position\":3,\"name\":\"Aarde\"}]},{\"@type\":\"WebSite\",\"@id\":\"https:\/\/www.yournature.be\/nl\/#website\",\"url\":\"https:\/\/www.yournature.be\/nl\/\",\"name\":\"Your Nature\",\"description\":\"\",\"potentialAction\":[{\"@type\":\"SearchAction\",\"target\":{\"@type\":\"EntryPoint\",\"urlTemplate\":\"https:\/\/www.yournature.be\/nl\/?s={search_term_string}\"},\"query-input\":{\"@type\":\"PropertyValueSpecification\",\"valueRequired\":true,\"valueName\":\"search_term_string\"}}],\"inLanguage\":\"nl-NL\"}]}<\/script>\n<!-- \/ Yoast SEO plugin. -->","yoast_head_json":{"title":"Activit\u00e9s outdoor - Your Nature","description":"80 km de pistes de course \u00e0 pieds, 200 km de pistes cyclables, une plage, des espaces loisirs et parcours sant\u00e9. Beach-volley, tir \u00e0 l\u2019arc, parcours de croquet, tennis, badminton...","robots":{"index":"index","follow":"follow","max-snippet":"max-snippet:-1","max-image-preview":"max-image-preview:large","max-video-preview":"max-video-preview:-1"},"canonical":"https:\/\/www.yournature.be\/nl\/un-sejour-multi-activites\/la-terre\/","og_locale":"nl_NL","og_type":"article","og_title":"Activit\u00e9s outdoor - Your Nature","og_description":"80 km de pistes de course \u00e0 pieds, 200 km de pistes cyclables, une plage, des espaces loisirs et parcours sant\u00e9. Beach-volley, tir \u00e0 l\u2019arc, parcours de croquet, tennis, badminton...","og_url":"https:\/\/www.yournature.be\/nl\/un-sejour-multi-activites\/la-terre\/","og_site_name":"Your Nature","article_modified_time":"2025-02-17T15:16:56+00:00","twitter_card":"summary_large_image","twitter_misc":{"Geschatte leestijd":"1 minuut"},"schema":{"@context":"https:\/\/schema.org","@graph":[{"@type":"WebPage","@id":"https:\/\/www.yournature.be\/nl\/un-sejour-multi-activites\/la-terre\/","url":"https:\/\/www.yournature.be\/nl\/un-sejour-multi-activites\/la-terre\/","name":"Activit\u00e9s outdoor - Your Nature","isPartOf":{"@id":"https:\/\/www.yournature.be\/nl\/#website"},"datePublished":"2021-03-10T19:20:28+00:00","dateModified":"2025-02-17T15:16:56+00:00","description":"80 km de pistes de course \u00e0 pieds, 200 km de pistes cyclables, une plage, des espaces loisirs et parcours sant\u00e9. Beach-volley, tir \u00e0 l\u2019arc, parcours de croquet, tennis, badminton...","breadcrumb":{"@id":"https:\/\/www.yournature.be\/nl\/un-sejour-multi-activites\/la-terre\/#breadcrumb"},"inLanguage":"nl-NL","potentialAction":[{"@type":"ReadAction","target":["https:\/\/www.yournature.be\/nl\/un-sejour-multi-activites\/la-terre\/"]}]},{"@type":"BreadcrumbList","@id":"https:\/\/www.yournature.be\/nl\/un-sejour-multi-activites\/la-terre\/#breadcrumb","itemListElement":[{"@type":"ListItem","position":1,"name":"Home","item":"https:\/\/www.yournature.be\/nl\/"},{"@type":"ListItem","position":2,"name":"Een vakantie vol activiteiten","item":"https:\/\/www.yournature.be\/nl\/un-sejour-multi-activites\/"},{"@type":"ListItem","position":3,"name":"Aarde"}]},{"@type":"WebSite","@id":"https:\/\/www.yournature.be\/nl\/#website","url":"https:\/\/www.yournature.be\/nl\/","name":"Your Nature","description":"","potentialAction":[{"@type":"SearchAction","target":{"@type":"EntryPoint","urlTemplate":"https:\/\/www.yournature.be\/nl\/?s={search_term_string}"},"query-input":{"@type":"PropertyValueSpecification","valueRequired":true,"valueName":"search_term_string"}}],"inLanguage":"nl-NL"}]}},"acf":[],"_links":{"self":[{"href":"https:\/\/www.yournature.be\/nl\/wp-json\/wp\/v2\/pages\/339","targetHints":{"allow":["GET"]}}],"collection":[{"href":"https:\/\/www.yournature.be\/nl\/wp-json\/wp\/v2\/pages"}],"about":[{"href":"https:\/\/www.yournature.be\/nl\/wp-json\/wp\/v2\/types\/page"}],"author":[{"embeddable":true,"href":"https:\/\/www.yournature.be\/nl\/wp-json\/wp\/v2\/users\/137"}],"replies":[{"embeddable":true,"href":"https:\/\/www.yournature.be\/nl\/wp-json\/wp\/v2\/comments?post=339"}],"version-history":[{"count":0,"href":"https:\/\/www.yournature.be\/nl\/wp-json\/wp\/v2\/pages\/339\/revisions"}],"up":[{"embeddable":true,"href":"https:\/\/www.yournature.be\/nl\/wp-json\/wp\/v2\/pages\/335"}],"wp:attachment":[{"href":"https:\/\/www.yournature.be\/nl\/wp-json\/wp\/v2\/media?parent=339"}],"curies":[{"name":"wp","href":"https:\/\/api.w.org\/{rel}","templated":true}]}}