{"id":335,"date":"2021-03-05T20:11:00","date_gmt":"2021-03-05T20:11:00","guid":{"rendered":"http:\/\/your-nature-resort.ms.decms.eu\/?page_id=335"},"modified":"2024-12-16T14:09:13","modified_gmt":"2024-12-16T14:09:13","slug":"un-sejour-multi-activites","status":"publish","type":"page","link":"https:\/\/www.yournature.be\/nl\/un-sejour-multi-activites\/","title":{"rendered":"Een vakantie vol activiteiten"},"content":{"rendered":"<p>Het uitgebreide dienstenaanbod en de eersteklas recreatieve activiteiten maken de filosofie en de ervaring van een multi-activiteitenvakantie compleet. Op het water, op het land of in de lucht, harten kloppen, geesten stijgen, lichamen bloeien en de rust komt terug.<\/p>\n<p>Indien u vragen heeft, aarzel dan niet om contact op te nemen met het vrijetijdsteam via e-mail op fun@yournature.be of per telefoon<\/p>\n<p>op +32 69 31 30 40.<\/p>\n<p>Als u sommige van onze activiteiten niet online vindt of als ze u telefonisch niet worden voorgesteld, komt dat omdat de organisatie van deze activiteiten bijvoorbeeld kan afhangen van het weer of van de beschikbaarheid. U kunt dan tijdens uw verblijf uw activiteiten en diensten reserveren in het Your Nature Activity Centre.<\/p>\n<p>*De bevestiging van uw activiteiten zal worden gevalideerd na het boeken van uw verblijf.<\/p>\n<p>&nbsp;<\/p>\n","protected":false},"excerpt":{"rendered":"<p>Het uitgebreide dienstenaanbod en de eersteklas recreatieve activiteiten maken de filosofie en de ervaring van een multi-activiteitenvakantie compleet. Op het water, op het land of in de lucht, harten kloppen, geesten stijgen, lichamen bloeien en de rust komt terug. Indien u vragen heeft, aarzel dan niet om contact op te nemen met het vrijetijdsteam via [&hellip;]<\/p>\n","protected":false},"author":137,"featured_media":0,"parent":0,"menu_order":60,"comment_status":"closed","ping_status":"closed","template":"","meta":{"footnotes":""},"class_list":["post-335","page","type-page","status-publish","hentry"],"yoast_head":"<!-- This site is optimized with the Yoast SEO plugin v26.9 - https:\/\/yoast.com\/product\/yoast-seo-wordpress\/ -->\n<title>Un s\u00e9jour multi-activit\u00e9s en pleine nature<\/title>\n<meta name=\"description\" content=\"Une tr\u00e8s large offre de services et d\u2019activit\u00e9s sportives et r\u00e9cr\u00e9atives sur l\u2019eau, sur terre ou dans les airs.\" \/>\n<meta name=\"robots\" content=\"index, follow, max-snippet:-1, max-image-preview:large, max-video-preview:-1\" \/>\n<link rel=\"canonical\" href=\"https:\/\/www.yournature.be\/nl\/un-sejour-multi-activites\/\" \/>\n<meta property=\"og:locale\" content=\"nl_NL\" \/>\n<meta property=\"og:type\" content=\"article\" \/>\n<meta property=\"og:title\" content=\"Un s\u00e9jour multi-activit\u00e9s en pleine nature\" \/>\n<meta property=\"og:description\" content=\"Une tr\u00e8s large offre de services et d\u2019activit\u00e9s sportives et r\u00e9cr\u00e9atives sur l\u2019eau, sur terre ou dans les airs.\" \/>\n<meta property=\"og:url\" content=\"https:\/\/www.yournature.be\/nl\/un-sejour-multi-activites\/\" \/>\n<meta property=\"og:site_name\" content=\"Your Nature\" \/>\n<meta property=\"article:modified_time\" content=\"2024-12-16T14:09:13+00:00\" \/>\n<meta name=\"twitter:card\" content=\"summary_large_image\" \/>\n<meta name=\"twitter:label1\" content=\"Geschatte leestijd\" \/>\n\t<meta name=\"twitter:data1\" content=\"1 minuut\" \/>\n<script type=\"application\/ld+json\" class=\"yoast-schema-graph\">{\"@context\":\"https:\/\/schema.org\",\"@graph\":[{\"@type\":\"WebPage\",\"@id\":\"https:\/\/www.yournature.be\/nl\/un-sejour-multi-activites\/\",\"url\":\"https:\/\/www.yournature.be\/nl\/un-sejour-multi-activites\/\",\"name\":\"Un s\u00e9jour multi-activit\u00e9s en pleine nature\",\"isPartOf\":{\"@id\":\"https:\/\/www.yournature.be\/nl\/#website\"},\"datePublished\":\"2021-03-05T20:11:00+00:00\",\"dateModified\":\"2024-12-16T14:09:13+00:00\",\"description\":\"Une tr\u00e8s large offre de services et d\u2019activit\u00e9s sportives et r\u00e9cr\u00e9atives sur l\u2019eau, sur terre ou dans les airs.\",\"breadcrumb\":{\"@id\":\"https:\/\/www.yournature.be\/nl\/un-sejour-multi-activites\/#breadcrumb\"},\"inLanguage\":\"nl-NL\",\"potentialAction\":[{\"@type\":\"ReadAction\",\"target\":[\"https:\/\/www.yournature.be\/nl\/un-sejour-multi-activites\/\"]}]},{\"@type\":\"BreadcrumbList\",\"@id\":\"https:\/\/www.yournature.be\/nl\/un-sejour-multi-activites\/#breadcrumb\",\"itemListElement\":[{\"@type\":\"ListItem\",\"position\":1,\"name\":\"Home\",\"item\":\"https:\/\/www.yournature.be\/nl\/\"},{\"@type\":\"ListItem\",\"position\":2,\"name\":\"Een vakantie vol activiteiten\"}]},{\"@type\":\"WebSite\",\"@id\":\"https:\/\/www.yournature.be\/nl\/#website\",\"url\":\"https:\/\/www.yournature.be\/nl\/\",\"name\":\"Your Nature\",\"description\":\"\",\"potentialAction\":[{\"@type\":\"SearchAction\",\"target\":{\"@type\":\"EntryPoint\",\"urlTemplate\":\"https:\/\/www.yournature.be\/nl\/?s={search_term_string}\"},\"query-input\":{\"@type\":\"PropertyValueSpecification\",\"valueRequired\":true,\"valueName\":\"search_term_string\"}}],\"inLanguage\":\"nl-NL\"}]}<\/script>\n<!-- \/ Yoast SEO plugin. -->","yoast_head_json":{"title":"Un s\u00e9jour multi-activit\u00e9s en pleine nature","description":"Une tr\u00e8s large offre de services et d\u2019activit\u00e9s sportives et r\u00e9cr\u00e9atives sur l\u2019eau, sur terre ou dans les airs.","robots":{"index":"index","follow":"follow","max-snippet":"max-snippet:-1","max-image-preview":"max-image-preview:large","max-video-preview":"max-video-preview:-1"},"canonical":"https:\/\/www.yournature.be\/nl\/un-sejour-multi-activites\/","og_locale":"nl_NL","og_type":"article","og_title":"Un s\u00e9jour multi-activit\u00e9s en pleine nature","og_description":"Une tr\u00e8s large offre de services et d\u2019activit\u00e9s sportives et r\u00e9cr\u00e9atives sur l\u2019eau, sur terre ou dans les airs.","og_url":"https:\/\/www.yournature.be\/nl\/un-sejour-multi-activites\/","og_site_name":"Your Nature","article_modified_time":"2024-12-16T14:09:13+00:00","twitter_card":"summary_large_image","twitter_misc":{"Geschatte leestijd":"1 minuut"},"schema":{"@context":"https:\/\/schema.org","@graph":[{"@type":"WebPage","@id":"https:\/\/www.yournature.be\/nl\/un-sejour-multi-activites\/","url":"https:\/\/www.yournature.be\/nl\/un-sejour-multi-activites\/","name":"Un s\u00e9jour multi-activit\u00e9s en pleine nature","isPartOf":{"@id":"https:\/\/www.yournature.be\/nl\/#website"},"datePublished":"2021-03-05T20:11:00+00:00","dateModified":"2024-12-16T14:09:13+00:00","description":"Une tr\u00e8s large offre de services et d\u2019activit\u00e9s sportives et r\u00e9cr\u00e9atives sur l\u2019eau, sur terre ou dans les airs.","breadcrumb":{"@id":"https:\/\/www.yournature.be\/nl\/un-sejour-multi-activites\/#breadcrumb"},"inLanguage":"nl-NL","potentialAction":[{"@type":"ReadAction","target":["https:\/\/www.yournature.be\/nl\/un-sejour-multi-activites\/"]}]},{"@type":"BreadcrumbList","@id":"https:\/\/www.yournature.be\/nl\/un-sejour-multi-activites\/#breadcrumb","itemListElement":[{"@type":"ListItem","position":1,"name":"Home","item":"https:\/\/www.yournature.be\/nl\/"},{"@type":"ListItem","position":2,"name":"Een vakantie vol activiteiten"}]},{"@type":"WebSite","@id":"https:\/\/www.yournature.be\/nl\/#website","url":"https:\/\/www.yournature.be\/nl\/","name":"Your Nature","description":"","potentialAction":[{"@type":"SearchAction","target":{"@type":"EntryPoint","urlTemplate":"https:\/\/www.yournature.be\/nl\/?s={search_term_string}"},"query-input":{"@type":"PropertyValueSpecification","valueRequired":true,"valueName":"search_term_string"}}],"inLanguage":"nl-NL"}]}},"acf":[],"_links":{"self":[{"href":"https:\/\/www.yournature.be\/nl\/wp-json\/wp\/v2\/pages\/335","targetHints":{"allow":["GET"]}}],"collection":[{"href":"https:\/\/www.yournature.be\/nl\/wp-json\/wp\/v2\/pages"}],"about":[{"href":"https:\/\/www.yournature.be\/nl\/wp-json\/wp\/v2\/types\/page"}],"author":[{"embeddable":true,"href":"https:\/\/www.yournature.be\/nl\/wp-json\/wp\/v2\/users\/137"}],"replies":[{"embeddable":true,"href":"https:\/\/www.yournature.be\/nl\/wp-json\/wp\/v2\/comments?post=335"}],"version-history":[{"count":0,"href":"https:\/\/www.yournature.be\/nl\/wp-json\/wp\/v2\/pages\/335\/revisions"}],"wp:attachment":[{"href":"https:\/\/www.yournature.be\/nl\/wp-json\/wp\/v2\/media?parent=335"}],"curies":[{"name":"wp","href":"https:\/\/api.w.org\/{rel}","templated":true}]}}